{"id":52,"date":"2023-06-14T01:55:44","date_gmt":"2023-06-14T01:55:44","guid":{"rendered":"https:\/\/www.monterrey70.com.mx\/2\/home\/?page_id=52"},"modified":"2025-04-12T19:51:21","modified_gmt":"2025-04-12T19:51:21","slug":"elementor-52","status":"publish","type":"page","link":"https:\/\/www.monterrey70.com.mx\/2\/home\/","title":{"rendered":"Inicio"},"content":{"rendered":"\t\t<div data-elementor-type=\"wp-page\" data-elementor-id=\"52\" class=\"elementor elementor-52\" data-elementor-post-type=\"page\">\n\t\t\t\t\t\t<section class=\"elementor-section elementor-top-section elementor-element elementor-element-f44dfa1 elementor-section-full_width elementor-section-height-default elementor-section-height-default\" data-id=\"f44dfa1\" data-element_type=\"section\" data-e-type=\"section\">\n\t\t\t\t\t\t<div class=\"elementor-container elementor-column-gap-no\">\n\t\t\t\t\t<div class=\"elementor-column elementor-col-100 elementor-top-column elementor-element elementor-element-abead74\" data-id=\"abead74\" data-element_type=\"column\" data-e-type=\"column\">\n\t\t\t<div class=\"elementor-widget-wrap elementor-element-populated\">\n\t\t\t\t\t\t<div class=\"elementor-element elementor-element-4b9c710 elementor-widget__width-inherit elementor-widget elementor-widget-video\" data-id=\"4b9c710\" data-element_type=\"widget\" data-e-type=\"widget\" data-settings=\"{&quot;video_type&quot;:&quot;hosted&quot;,&quot;autoplay&quot;:&quot;yes&quot;,&quot;play_on_mobile&quot;:&quot;yes&quot;,&quot;mute&quot;:&quot;yes&quot;,&quot;loop&quot;:&quot;yes&quot;,&quot;controls&quot;:&quot;yes&quot;}\" data-widget_type=\"video.default\">\n\t\t\t\t<div class=\"elementor-widget-container\">\n\t\t\t\t\t\t\t<div class=\"e-hosted-video elementor-wrapper elementor-open-inline\">\n\t\t\t\t\t<video class=\"elementor-video\" src=\"https:\/\/www.monterrey70.com.mx\/2\/home\/wp-content\/uploads\/2023\/06\/Monterrey70-Video.m4v\" autoplay=\"\" loop=\"\" controls=\"\" muted=\"muted\" playsinline=\"\" controlsList=\"nodownload\"><\/video>\n\t\t\t\t<\/div>\n\t\t\t\t\t\t<\/div>\n\t\t\t\t<\/div>\n\t\t\t\t\t<\/div>\n\t\t<\/div>\n\t\t\t\t\t<\/div>\n\t\t<\/section>\n\t\t\t\t<section class=\"elementor-section elementor-top-section elementor-element elementor-element-ab54259 elementor-section-boxed elementor-section-height-default elementor-section-height-default\" data-id=\"ab54259\" data-element_type=\"section\" data-e-type=\"section\" data-settings=\"{&quot;background_background&quot;:&quot;classic&quot;}\">\n\t\t\t\t\t\t<div class=\"elementor-container elementor-column-gap-default\">\n\t\t\t\t\t<div class=\"elementor-column elementor-col-50 elementor-top-column elementor-element elementor-element-a394625\" data-id=\"a394625\" data-element_type=\"column\" data-e-type=\"column\" data-settings=\"{&quot;background_background&quot;:&quot;classic&quot;}\">\n\t\t\t<div class=\"elementor-widget-wrap elementor-element-populated\">\n\t\t\t\t\t\t<div class=\"elementor-element elementor-element-c440e6e elementor-widget elementor-widget-heading\" data-id=\"c440e6e\" data-element_type=\"widget\" data-e-type=\"widget\" data-widget_type=\"heading.default\">\n\t\t\t\t<div class=\"elementor-widget-container\">\n\t\t\t\t\t<h2 class=\"elementor-heading-title elementor-size-default\">Somos tus aliados\npara el desarrollo\nde tu negocio<\/h2>\t\t\t\t<\/div>\n\t\t\t\t<\/div>\n\t\t\t\t<div class=\"elementor-element elementor-element-1f3880c elementor-widget-divider--view-line elementor-widget elementor-widget-divider\" data-id=\"1f3880c\" data-element_type=\"widget\" data-e-type=\"widget\" data-widget_type=\"divider.default\">\n\t\t\t\t<div class=\"elementor-widget-container\">\n\t\t\t\t\t\t\t<div class=\"elementor-divider\">\n\t\t\t<span class=\"elementor-divider-separator\">\n\t\t\t\t\t\t<\/span>\n\t\t<\/div>\n\t\t\t\t\t\t<\/div>\n\t\t\t\t<\/div>\n\t\t\t\t<div class=\"elementor-element elementor-element-1c61a55 elementor-widget elementor-widget-text-editor\" data-id=\"1c61a55\" data-element_type=\"widget\" data-e-type=\"widget\" data-widget_type=\"text-editor.default\">\n\t\t\t\t<div class=\"elementor-widget-container\">\n\t\t\t\t\t\t\t\t\t<p>Conoce Monterrey70, un espacio en el coraz\u00f3n de la Roma, emblem\u00e1tico barrio de la Ciudad de M\u00e9xico. Con c\u00f3modas y modernas instalaciones as\u00ed como servicios de alta calidad, te ofrecemos la ubicaci\u00f3n ideal para tu desarrollo profesional.<\/p>\t\t\t\t\t\t\t\t<\/div>\n\t\t\t\t<\/div>\n\t\t\t\t\t<\/div>\n\t\t<\/div>\n\t\t\t\t<div class=\"elementor-column elementor-col-50 elementor-top-column elementor-element elementor-element-6ad2da3\" data-id=\"6ad2da3\" data-element_type=\"column\" data-e-type=\"column\">\n\t\t\t<div class=\"elementor-widget-wrap\">\n\t\t\t\t\t\t\t<\/div>\n\t\t<\/div>\n\t\t\t\t\t<\/div>\n\t\t<\/section>\n\t\t\t\t<\/div>\n\t\t","protected":false},"excerpt":{"rendered":"<p>https:\/\/www.monterrey70.com.mx\/2\/home\/wp-content\/uploads\/2023\/06\/Monterrey70-Video.m4v Somos tus aliados para el desarrollo de tu negocio Conoce Monterrey70, un espacio en el coraz\u00f3n de la Roma, emblem\u00e1tico barrio de la Ciudad de M\u00e9xico. Con c\u00f3modas y modernas instalaciones as\u00ed como servicios de alta calidad, te ofrecemos la ubicaci\u00f3n ideal para tu desarrollo profesional.<\/p>\n","protected":false},"author":1,"featured_media":0,"parent":0,"menu_order":0,"comment_status":"closed","ping_status":"closed","template":"elementor_header_footer","meta":{"_joinchat":[],"footnotes":""},"class_list":["post-52","page","type-page","status-publish","hentry"],"_links":{"self":[{"href":"https:\/\/www.monterrey70.com.mx\/2\/home\/wp-json\/wp\/v2\/pages\/52","targetHints":{"allow":["GET"]}}],"collection":[{"href":"https:\/\/www.monterrey70.com.mx\/2\/home\/wp-json\/wp\/v2\/pages"}],"about":[{"href":"https:\/\/www.monterrey70.com.mx\/2\/home\/wp-json\/wp\/v2\/types\/page"}],"author":[{"embeddable":true,"href":"https:\/\/www.monterrey70.com.mx\/2\/home\/wp-json\/wp\/v2\/users\/1"}],"replies":[{"embeddable":true,"href":"https:\/\/www.monterrey70.com.mx\/2\/home\/wp-json\/wp\/v2\/comments?post=52"}],"version-history":[{"count":505,"href":"https:\/\/www.monterrey70.com.mx\/2\/home\/wp-json\/wp\/v2\/pages\/52\/revisions"}],"predecessor-version":[{"id":1716,"href":"https:\/\/www.monterrey70.com.mx\/2\/home\/wp-json\/wp\/v2\/pages\/52\/revisions\/1716"}],"wp:attachment":[{"href":"https:\/\/www.monterrey70.com.mx\/2\/home\/wp-json\/wp\/v2\/media?parent=52"}],"curies":[{"name":"wp","href":"https:\/\/api.w.org\/{rel}","templated":true}]}}